{"id":16,"date":"2024-10-10T09:27:02","date_gmt":"2024-10-10T12:27:02","guid":{"rendered":"https:\/\/brasilherbs.com.br\/engl\/?page_id=16"},"modified":"2024-10-11T16:15:31","modified_gmt":"2024-10-11T19:15:31","slug":"wholesale","status":"publish","type":"page","link":"https:\/\/brasilherbs.com.br\/engl\/wholesale\/","title":{"rendered":"Wholesale"},"content":{"rendered":"<div class=\"wpforms-container wpforms-container-full wpforms-block wpforms-block-bbc59fb2-d4cf-43eb-897f-3121e6048774 wpforms-render-modern\" id=\"wpforms-118\"><form id=\"wpforms-form-118\" class=\"wpforms-validate wpforms-form wpforms-ajax-form\" data-formid=\"118\" method=\"post\" enctype=\"multipart\/form-data\" action=\"\/engl\/wp-json\/wp\/v2\/pages\/16\" data-token=\"ff55d4fe95d0cb754cb92ea20d46f731\" data-token-time=\"1778244189\"><noscript class=\"wpforms-error-noscript\">Please enable JavaScript in your browser to complete this form.<\/noscript><div id=\"wpforms-error-noscript\" style=\"display: none;\">Please enable JavaScript in your browser to complete this form.<\/div><div class=\"wpforms-field-container\"><div id=\"wpforms-118-field_1-container\" class=\"wpforms-field wpforms-field-name\" data-field-id=\"1\"><fieldset><legend class=\"wpforms-field-label\">Name <span class=\"wpforms-required-label\" aria-hidden=\"true\">*<\/span><\/legend><div class=\"wpforms-field-row wpforms-field-medium\"><div class=\"wpforms-field-row-block wpforms-first wpforms-one-half\"><input type=\"text\" id=\"wpforms-118-field_1\" class=\"wpforms-field-name-first wpforms-field-required\" name=\"wpforms[fields][1][first]\" aria-errormessage=\"wpforms-118-field_1-error\" required><label for=\"wpforms-118-field_1\" class=\"wpforms-field-sublabel after\">First<\/label><\/div><div class=\"wpforms-field-row-block wpforms-one-half\"><input type=\"text\" id=\"wpforms-118-field_1-last\" class=\"wpforms-field-name-last wpforms-field-required\" name=\"wpforms[fields][1][last]\" aria-errormessage=\"wpforms-118-field_1-last-error\" required><label for=\"wpforms-118-field_1-last\" class=\"wpforms-field-sublabel after\">Last<\/label><\/div><\/div><\/fieldset><\/div>\t\t<div id=\"wpforms-118-field_4-container\"\n\t\t\tclass=\"wpforms-field wpforms-field-text\"\n\t\t\tdata-field-type=\"text\"\n\t\t\tdata-field-id=\"4\"\n\t\t\t>\n\t\t\t<label class=\"wpforms-field-label\" for=\"wpforms-118-field_4\" >or Name Comment<\/label>\n\t\t\t<input type=\"text\" id=\"wpforms-118-field_4\" class=\"wpforms-field-medium\" name=\"wpforms[fields][4]\" >\n\t\t<\/div>\n\t\t<div id=\"wpforms-118-field_2-container\" class=\"wpforms-field wpforms-field-email\" data-field-id=\"2\"><label class=\"wpforms-field-label\" for=\"wpforms-118-field_2\">Email <span class=\"wpforms-required-label\" aria-hidden=\"true\">*<\/span><\/label><input type=\"email\" id=\"wpforms-118-field_2\" class=\"wpforms-field-medium wpforms-field-required\" name=\"wpforms[fields][2]\" spellcheck=\"false\" aria-errormessage=\"wpforms-118-field_2-error\" required><\/div><div id=\"wpforms-118-field_3-container\" class=\"wpforms-field wpforms-field-textarea\" data-field-id=\"3\"><label class=\"wpforms-field-label\" for=\"wpforms-118-field_3\">Comment or Message<\/label><textarea id=\"wpforms-118-field_3\" class=\"wpforms-field-medium\" name=\"wpforms[fields][3]\" aria-errormessage=\"wpforms-118-field_3-error\" ><\/textarea><\/div><script>\n\t\t\t\t( function() {\n\t\t\t\t\tconst style = document.createElement( 'style' );\n\t\t\t\t\tstyle.appendChild( document.createTextNode( '#wpforms-118-field_4-container { position: absolute !important; overflow: hidden !important; display: inline !important; height: 1px !important; width: 1px !important; z-index: -1000 !important; padding: 0 !important; } #wpforms-118-field_4-container input { visibility: hidden; } #wpforms-conversational-form-page #wpforms-118-field_4-container label { counter-increment: none; }' ) );\n\t\t\t\t\tdocument.head.appendChild( style );\n\t\t\t\t\tdocument.currentScript?.remove();\n\t\t\t\t} )();\n\t\t\t<\/script><\/div><!-- .wpforms-field-container --><div class=\"wpforms-submit-container\" ><input type=\"hidden\" name=\"wpforms[id]\" value=\"118\"><input type=\"hidden\" name=\"page_title\" value=\"\"><input type=\"hidden\" name=\"page_url\" value=\"https:\/\/brasilherbs.com.br\/engl\/wp-json\/wp\/v2\/pages\/16\"><input type=\"hidden\" name=\"url_referer\" value=\"\"><button type=\"submit\" name=\"wpforms[submit]\" id=\"wpforms-submit-118\" class=\"wpforms-submit\" data-alt-text=\"Sending...\" data-submit-text=\"Submit\" aria-live=\"assertive\" value=\"wpforms-submit\">Submit<\/button><img loading=\"lazy\" decoding=\"async\" src=\"https:\/\/brasilherbs.com.br\/engl\/wp-content\/plugins\/wpforms-lite\/assets\/images\/submit-spin.svg\" class=\"wpforms-submit-spinner\" style=\"display: none;\" width=\"26\" height=\"26\" alt=\"Loading\"><\/div><\/form><\/div>  <!-- .wpforms-container -->\n\n\n<p>Showroom:<br>Av. Leoberto Leal, 440, sala 200, Barreiros,<br>S\u00e3o Jos\u00e9, Santa Catarina,<br>Brasil 88110-001<\/p>\n\n\n\n<p>Sales office:<br>Av. Otthon Gama D\u00b4\u00c9\u00e7a, 677, sala 103,<br>Centro, Florian\u00f3polis, SC,<br>Brasil 88105-240<\/p>\n\n\n\n<p><\/p>\n","protected":false},"excerpt":{"rendered":"<p>Showroom:Av. Leoberto Leal, 440, sala 200, Barreiros,S\u00e3o Jos\u00e9, Santa Catarina,Brasil 88110-001 Sales office:Av. Otthon Gama D\u00b4\u00c9\u00e7a, 677, sala 103,Centro, Florian\u00f3polis, SC,Brasil 88105-240<\/p>\n","protected":false},"author":1,"featured_media":0,"parent":0,"menu_order":0,"comment_status":"closed","ping_status":"closed","template":"","meta":{"footnotes":""},"class_list":["post-16","page","type-page","status-publish","hentry"],"yoast_head":"<!-- This site is optimized with the Yoast SEO plugin v27.5 - https:\/\/yoast.com\/product\/yoast-seo-wordpress\/ -->\n<title>Wholesale - Brasil Herbs<\/title>\n<meta name=\"robots\" content=\"index, follow, max-snippet:-1, max-image-preview:large, max-video-preview:-1\" \/>\n<link rel=\"canonical\" href=\"https:\/\/brasilherbs.com.br\/engl\/wholesale\/\" \/>\n<meta property=\"og:locale\" content=\"en_US\" \/>\n<meta property=\"og:type\" content=\"article\" \/>\n<meta property=\"og:title\" content=\"Wholesale - Brasil Herbs\" \/>\n<meta property=\"og:description\" content=\"Showroom:Av. Leoberto Leal, 440, sala 200, Barreiros,S\u00e3o Jos\u00e9, Santa Catarina,Brasil 88110-001 Sales office:Av. Otthon Gama D\u00b4\u00c9\u00e7a, 677, sala 103,Centro, Florian\u00f3polis, SC,Brasil 88105-240\" \/>\n<meta property=\"og:url\" content=\"https:\/\/brasilherbs.com.br\/engl\/wholesale\/\" \/>\n<meta property=\"og:site_name\" content=\"Brasil Herbs\" \/>\n<meta property=\"article:modified_time\" content=\"2024-10-11T19:15:31+00:00\" \/>\n<meta property=\"og:image\" content=\"https:\/\/brasilherbs.com.br\/engl\/wp-content\/uploads\/2024\/10\/BandaFullLogo_PraYOast.png\" \/>\n\t<meta property=\"og:image:width\" content=\"1200\" \/>\n\t<meta property=\"og:image:height\" content=\"675\" \/>\n\t<meta property=\"og:image:type\" content=\"image\/png\" \/>\n<meta name=\"twitter:card\" content=\"summary_large_image\" \/>\n<script type=\"application\/ld+json\" class=\"yoast-schema-graph\">{\"@context\":\"https:\\\/\\\/schema.org\",\"@graph\":[{\"@type\":\"WebPage\",\"@id\":\"https:\\\/\\\/brasilherbs.com.br\\\/engl\\\/wholesale\\\/\",\"url\":\"https:\\\/\\\/brasilherbs.com.br\\\/engl\\\/wholesale\\\/\",\"name\":\"Wholesale - Brasil Herbs\",\"isPartOf\":{\"@id\":\"https:\\\/\\\/brasilherbs.com.br\\\/engl\\\/#website\"},\"datePublished\":\"2024-10-10T12:27:02+00:00\",\"dateModified\":\"2024-10-11T19:15:31+00:00\",\"breadcrumb\":{\"@id\":\"https:\\\/\\\/brasilherbs.com.br\\\/engl\\\/wholesale\\\/#breadcrumb\"},\"inLanguage\":\"en-US\",\"potentialAction\":[{\"@type\":\"ReadAction\",\"target\":[\"https:\\\/\\\/brasilherbs.com.br\\\/engl\\\/wholesale\\\/\"]}]},{\"@type\":\"BreadcrumbList\",\"@id\":\"https:\\\/\\\/brasilherbs.com.br\\\/engl\\\/wholesale\\\/#breadcrumb\",\"itemListElement\":[{\"@type\":\"ListItem\",\"position\":1,\"name\":\"Home\",\"item\":\"https:\\\/\\\/brasilherbs.com.br\\\/engl\\\/\"},{\"@type\":\"ListItem\",\"position\":2,\"name\":\"Wholesale\"}]},{\"@type\":\"WebSite\",\"@id\":\"https:\\\/\\\/brasilherbs.com.br\\\/engl\\\/#website\",\"url\":\"https:\\\/\\\/brasilherbs.com.br\\\/engl\\\/\",\"name\":\"Brasil Herbs\",\"description\":\"\",\"publisher\":{\"@id\":\"https:\\\/\\\/brasilherbs.com.br\\\/engl\\\/#organization\"},\"alternateName\":\"Herbs Brasil\",\"potentialAction\":[{\"@type\":\"SearchAction\",\"target\":{\"@type\":\"EntryPoint\",\"urlTemplate\":\"https:\\\/\\\/brasilherbs.com.br\\\/engl\\\/?s={search_term_string}\"},\"query-input\":{\"@type\":\"PropertyValueSpecification\",\"valueRequired\":true,\"valueName\":\"search_term_string\"}}],\"inLanguage\":\"en-US\"},{\"@type\":\"Organization\",\"@id\":\"https:\\\/\\\/brasilherbs.com.br\\\/engl\\\/#organization\",\"name\":\"Brasil Herbs\",\"alternateName\":\"Herbs Brasil\",\"url\":\"https:\\\/\\\/brasilherbs.com.br\\\/engl\\\/\",\"logo\":{\"@type\":\"ImageObject\",\"inLanguage\":\"en-US\",\"@id\":\"https:\\\/\\\/brasilherbs.com.br\\\/engl\\\/#\\\/schema\\\/logo\\\/image\\\/\",\"url\":\"https:\\\/\\\/brasilherbs.com.br\\\/engl\\\/wp-content\\\/uploads\\\/2024\\\/10\\\/FullLogo_Transparent_NoBuffer512.png\",\"contentUrl\":\"https:\\\/\\\/brasilherbs.com.br\\\/engl\\\/wp-content\\\/uploads\\\/2024\\\/10\\\/FullLogo_Transparent_NoBuffer512.png\",\"width\":512,\"height\":512,\"caption\":\"Brasil Herbs\"},\"image\":{\"@id\":\"https:\\\/\\\/brasilherbs.com.br\\\/engl\\\/#\\\/schema\\\/logo\\\/image\\\/\"},\"sameAs\":[\"https:\\\/\\\/www.linkedin.com\\\/company\\\/brasil-herbs\"]}]}<\/script>\n<!-- \/ Yoast SEO plugin. -->","yoast_head_json":{"title":"Wholesale - Brasil Herbs","robots":{"index":"index","follow":"follow","max-snippet":"max-snippet:-1","max-image-preview":"max-image-preview:large","max-video-preview":"max-video-preview:-1"},"canonical":"https:\/\/brasilherbs.com.br\/engl\/wholesale\/","og_locale":"en_US","og_type":"article","og_title":"Wholesale - Brasil Herbs","og_description":"Showroom:Av. Leoberto Leal, 440, sala 200, Barreiros,S\u00e3o Jos\u00e9, Santa Catarina,Brasil 88110-001 Sales office:Av. Otthon Gama D\u00b4\u00c9\u00e7a, 677, sala 103,Centro, Florian\u00f3polis, SC,Brasil 88105-240","og_url":"https:\/\/brasilherbs.com.br\/engl\/wholesale\/","og_site_name":"Brasil Herbs","article_modified_time":"2024-10-11T19:15:31+00:00","og_image":[{"width":1200,"height":675,"url":"https:\/\/brasilherbs.com.br\/engl\/wp-content\/uploads\/2024\/10\/BandaFullLogo_PraYOast.png","type":"image\/png"}],"twitter_card":"summary_large_image","schema":{"@context":"https:\/\/schema.org","@graph":[{"@type":"WebPage","@id":"https:\/\/brasilherbs.com.br\/engl\/wholesale\/","url":"https:\/\/brasilherbs.com.br\/engl\/wholesale\/","name":"Wholesale - Brasil Herbs","isPartOf":{"@id":"https:\/\/brasilherbs.com.br\/engl\/#website"},"datePublished":"2024-10-10T12:27:02+00:00","dateModified":"2024-10-11T19:15:31+00:00","breadcrumb":{"@id":"https:\/\/brasilherbs.com.br\/engl\/wholesale\/#breadcrumb"},"inLanguage":"en-US","potentialAction":[{"@type":"ReadAction","target":["https:\/\/brasilherbs.com.br\/engl\/wholesale\/"]}]},{"@type":"BreadcrumbList","@id":"https:\/\/brasilherbs.com.br\/engl\/wholesale\/#breadcrumb","itemListElement":[{"@type":"ListItem","position":1,"name":"Home","item":"https:\/\/brasilherbs.com.br\/engl\/"},{"@type":"ListItem","position":2,"name":"Wholesale"}]},{"@type":"WebSite","@id":"https:\/\/brasilherbs.com.br\/engl\/#website","url":"https:\/\/brasilherbs.com.br\/engl\/","name":"Brasil Herbs","description":"","publisher":{"@id":"https:\/\/brasilherbs.com.br\/engl\/#organization"},"alternateName":"Herbs Brasil","potentialAction":[{"@type":"SearchAction","target":{"@type":"EntryPoint","urlTemplate":"https:\/\/brasilherbs.com.br\/engl\/?s={search_term_string}"},"query-input":{"@type":"PropertyValueSpecification","valueRequired":true,"valueName":"search_term_string"}}],"inLanguage":"en-US"},{"@type":"Organization","@id":"https:\/\/brasilherbs.com.br\/engl\/#organization","name":"Brasil Herbs","alternateName":"Herbs Brasil","url":"https:\/\/brasilherbs.com.br\/engl\/","logo":{"@type":"ImageObject","inLanguage":"en-US","@id":"https:\/\/brasilherbs.com.br\/engl\/#\/schema\/logo\/image\/","url":"https:\/\/brasilherbs.com.br\/engl\/wp-content\/uploads\/2024\/10\/FullLogo_Transparent_NoBuffer512.png","contentUrl":"https:\/\/brasilherbs.com.br\/engl\/wp-content\/uploads\/2024\/10\/FullLogo_Transparent_NoBuffer512.png","width":512,"height":512,"caption":"Brasil Herbs"},"image":{"@id":"https:\/\/brasilherbs.com.br\/engl\/#\/schema\/logo\/image\/"},"sameAs":["https:\/\/www.linkedin.com\/company\/brasil-herbs"]}]}},"_links":{"self":[{"href":"https:\/\/brasilherbs.com.br\/engl\/wp-json\/wp\/v2\/pages\/16","targetHints":{"allow":["GET"]}}],"collection":[{"href":"https:\/\/brasilherbs.com.br\/engl\/wp-json\/wp\/v2\/pages"}],"about":[{"href":"https:\/\/brasilherbs.com.br\/engl\/wp-json\/wp\/v2\/types\/page"}],"author":[{"embeddable":true,"href":"https:\/\/brasilherbs.com.br\/engl\/wp-json\/wp\/v2\/users\/1"}],"replies":[{"embeddable":true,"href":"https:\/\/brasilherbs.com.br\/engl\/wp-json\/wp\/v2\/comments?post=16"}],"version-history":[{"count":4,"href":"https:\/\/brasilherbs.com.br\/engl\/wp-json\/wp\/v2\/pages\/16\/revisions"}],"predecessor-version":[{"id":160,"href":"https:\/\/brasilherbs.com.br\/engl\/wp-json\/wp\/v2\/pages\/16\/revisions\/160"}],"wp:attachment":[{"href":"https:\/\/brasilherbs.com.br\/engl\/wp-json\/wp\/v2\/media?parent=16"}],"curies":[{"name":"wp","href":"https:\/\/api.w.org\/{rel}","templated":true}]}}